{"id":3218,"date":"2021-11-23T17:38:23","date_gmt":"2021-11-23T20:38:23","guid":{"rendered":"https:\/\/camposbelos.go.gov.br\/portal\/?page_id=3218"},"modified":"2021-11-26T15:17:40","modified_gmt":"2021-11-26T18:17:40","slug":"conselho-de-saude","status":"publish","type":"page","link":"https:\/\/camposbelos.go.gov.br\/portal\/conselho-de-saude\/","title":{"rendered":"Conselho de Sa\u00fade"},"content":{"rendered":"<script type=\"text\/x-handlebars-template\"        id=\"wpfd-template-table-categories-33\">    <div class=\"wpfd-categories \">{{#if category}}{{#with category}}<h2>{{name}}<\/h2>{{#if parent}}<a class=\"catlink backcategory\" href=\"#\" data-idcat=\"{{parent}}\">                        <i class=\"zmdi zmdi-chevron-left\"><\/i><span>Voltar<\/span><\/a>{{\/if}}{{\/with}}{{\/if}}{{#if category.desc}}<div class=\"wpfd-category-desc\">{{category.desc}}<\/div>{{\/if}}{{#if categories}}{{#each categories}}<a class=\"wpfdcategory catlink \" style=\"margin : 10px 10px 10px 10px;\" href=\"#\" data-idcat=\"{{termID}}\" title=\"{{name}}\">                                <span>{{name}}<\/span><i class=\"zmdi zmdi-folder wpfd-folder\" style=\"color: {{color}}\"><\/i>                            <\/a>{{\/each}}{{\/if}}<div class=\"wpfdcategory_placeholder\" style=\"margin : 0 10px 0 10px;\"><\/div><div class=\"wpfdcategory_placeholder\" style=\"margin : 0 10px 0 10px;\"><\/div><div class=\"wpfdcategory_placeholder\" style=\"margin : 0 10px 0 10px;\"><\/div><\/div><\/script><script type=\"text\/x-handlebars-template\" id=\"wpfd-template-table-33\">    {{#if files}}    {{#each files}}    <tr class=\"file {{class}} {{ext}}\" data-id=\"{{ID}}\" data-catid=\"{{catid}}\">        <input type=\"hidden\" class=\"wpfd_file_preview_link_download\" value=\"{{linkdownload}}\" data-filetitle=\"{{post_title}}\" data-fileicons=\"ext ext-{{ext}} wpfd-icon-set-png\" \/>    <td class=\"file_title\"><a class=\"wpfd_downloadlink\" href=\"{{linkdownload}}\"  title=\"{{post_title}}\" target=\"{{#if remote_file}}_blank{{\/if}}\"><span class=\"extcol\">{{#if file_custom_icon}}<span class=\"icon-custom\"><img decoding=\"async\" src=\"{{file_custom_icon}}\"><\/span>{{else}}<span class=\"ext ext-{{ext}} wpfd-icon-set-png\"><\/span>{{\/if}}<\/span><span class=\"wpfd-file-crop-title\">{{{crop_title}}}<\/span><\/a><\/td><td class=\"file_desc\">{{{description}}}<\/td><td class=\"file_hits\">{{hits}}<\/td><td class=\"file_created\">{{created}}<\/td>                    <td class=\"col-download\">                <a class=\"downloadlink wpfd_downloadlink\"  href=\"{{linkdownload}}\"  style=\"background-color:#76bc58;color:#ffffff;\" target=\"{{#if remote_file}}_blank{{\/if}}\">Baixar<i class=\"zmdi zmdi-cloud-download wpfd-download\"><\/i><\/a>{{#if openpdflink}}<a class=\"openlink wpfdlightbox wpfd_previewlink\" href=\"{{openpdflink}}\"  target=\"\">Visualizar                            <i class=\"zmdi zmdi-filter-center-focus wpfd-preview\"><\/i>                        <\/a>{{else}}{{#if viewerlink}}<a                            href=\"{{viewerlink}}\"                                                        class=\"openlink wpfdlightbox wpfd_previewlink\"                            target=\"\"                            data-id=\"{{ID}}\"                            data-catid=\"{{catid}}\"                            data-file-type=\"{{ext}}\">Visualizar<i class=\"zmdi zmdi-filter-center-focus wpfd-preview\"><\/i>                        <\/a>{{\/if}}{{\/if}}            <\/td>            <\/tr>    {{\/each}}    {{\/if}}<\/script><div class=\"wpfd-content wpfd-content-table wpfd-content-multi colstyle\" data-category=\"33\"              style=\"background-color: rgba(255, 255, 255, 0);\"><input type=\"hidden\" id=\"current_category_33\" value=\"33\" \/>                    <input type=\"hidden\" id=\"current_category_slug_33\" value=\"conselho-saude\" \/>                    <input type=\"hidden\" id=\"current_ordering_33\" value=\"title\" \/>                    <input type=\"hidden\" id=\"current_ordering_direction_33\" value=\"desc\" \/>                    <input type=\"hidden\" id=\"page_limit_33\" value=\"10\" \/><input type=\"hidden\" id=\"wpfd_display_empty_category_message\" value=\"0\" \/><input type=\"hidden\" id=\"wpfd_empty_category_message_val\" value=\"This file category has no files to display\" \/><input type=\"hidden\" id=\"wpfd_display_empty_folder\" value=\"0\" \/><input type=\"hidden\" id=\"wpfd_is_empty_subcategories\" value=\"1\" \/><input type=\"hidden\" id=\"wpfd_is_empty_files\" value=\"1\" \/><input type=\"hidden\" id=\"wpfd_root_category_id\" class=\"wpfd_root_category_id\" value=\"33\" \/><input type=\"hidden\" id=\"wpfd_root_category_theme\" class=\"wpfd_root_category_theme\" value=\"table\" \/><input type=\"hidden\" id=\"wpfd_root_category_clone_theme_type\" class=\"wpfd_root_category_clone_theme_type\" value=\"none\" \/><input type=\"hidden\" id=\"wpfd_root_category_type\" class=\"wpfd_root_category_type\" value=\"33\" \/><ul class=\"breadcrumbs wpfd-breadcrumbs-table head-category-table\">                            <li class=\"active\">Conselho Sa\u00fade<\/li>                        <\/ul><div class=\"wpfd-container show_category_title show_breadcrumb show_subcategories\">        <div class=\"wpfd-open-tree\"><\/div>    <div class=\"wpfd-container-table   wpfd-table-hidden\">        <div class=\"wpfd-categories \"><h2 class=\"wpfd-category-theme-title\">Conselho Sa\u00fade<\/h2><div class=\"wpfd-category-desc\"><\/div><a class=\"wpfdcategory catlink\" style=\"margin : 10px 10px 10px 10px;\" href=\"#\"                                   data-idcat=\"56\"                                   title=\"Confer\u00eancia Municipal de Sa\u00fade - Ano 2022\">                                    <span>Confer\u00eancia Municipal de Sa\u00fade - Ano 2022<\/span>                                    <i class=\"zmdi zmdi-folder wpfd-folder\" style=\"color: \"><\/i>                                <\/a><a class=\"wpfdcategory catlink\" style=\"margin : 10px 10px 10px 10px;\" href=\"#\"                                   data-idcat=\"53\"                                   title=\"Elei\u00e7\u00e3o 2022\">                                    <span>Elei\u00e7\u00e3o 2022<\/span>                                    <i class=\"zmdi zmdi-folder wpfd-folder\" style=\"color: \"><\/i>                                <\/a><a class=\"wpfdcategory catlink\" style=\"margin : 10px 10px 10px 10px;\" href=\"#\"                                   data-idcat=\"40\"                                   title=\"Resolu\u00e7\u00f5es\">                                    <span>Resolu\u00e7\u00f5es<\/span>                                    <i class=\"zmdi zmdi-folder wpfd-folder\" style=\"color: \"><\/i>                                <\/a><a class=\"wpfdcategory catlink\" style=\"margin : 10px 10px 10px 10px;\" href=\"#\"                                   data-idcat=\"39\"                                   title=\"Covid-19\">                                    <span>Covid-19<\/span>                                    <i class=\"zmdi zmdi-folder wpfd-folder\" style=\"color: \"><\/i>                                <\/a><a class=\"wpfdcategory catlink\" style=\"margin : 10px 10px 10px 10px;\" href=\"#\"                                   data-idcat=\"38\"                                   title=\"Credenciamento\">                                    <span>Credenciamento<\/span>                                    <i class=\"zmdi zmdi-folder wpfd-folder\" style=\"color: \"><\/i>                                <\/a><a class=\"wpfdcategory catlink\" style=\"margin : 10px 10px 10px 10px;\" href=\"#\"                                   data-idcat=\"34\"                                   title=\"Editais\">                                    <span>Editais<\/span>                                    <i class=\"zmdi zmdi-folder wpfd-folder\" style=\"color: \"><\/i>                                <\/a><a class=\"wpfdcategory catlink\" style=\"margin : 10px 10px 10px 10px;\" href=\"#\"                                   data-idcat=\"36\"                                   title=\"Termos\">                                    <span>Termos<\/span>                                    <i class=\"zmdi zmdi-folder wpfd-folder\" style=\"color: \"><\/i>                                <\/a><a class=\"wpfdcategory catlink\" style=\"margin : 10px 10px 10px 10px;\" href=\"#\"                                   data-idcat=\"37\"                                   title=\"Projetos\">                                    <span>Projetos<\/span>                                    <i class=\"zmdi zmdi-folder wpfd-folder\" style=\"color: \"><\/i>                                <\/a><a class=\"wpfdcategory catlink\" style=\"margin : 10px 10px 10px 10px;\" href=\"#\"                                   data-idcat=\"41\"                                   title=\"Plano Municipal\">                                    <span>Plano Municipal<\/span>                                    <i class=\"zmdi zmdi-folder wpfd-folder\" style=\"color: \"><\/i>                                <\/a><a class=\"wpfdcategory catlink\" style=\"margin : 10px 10px 10px 10px;\" href=\"#\"                                   data-idcat=\"59\"                                   title=\"Monkeypox (Var\u00edola dos Macacos)\">                                    <span>Monkeypox (Var\u00edola dos Macacos)<\/span>                                    <i class=\"zmdi zmdi-folder wpfd-folder\" style=\"color: \"><\/i>                                <\/a><a class=\"wpfdcategory catlink\" style=\"margin : 10px 10px 10px 10px;\" href=\"#\"                                   data-idcat=\"58\"                                   title=\"Grupo T\u00e9cnico Infantil de Agiliza\u00e7\u00e3o e Revis\u00e3o de \u00d3bitos \u2013 GT\">                                    <span>Grupo T\u00e9cnico Infantil de Agiliza\u00e7\u00e3o e Revis\u00e3o de \u00d3bitos \u2013 GT<\/span>                                    <i class=\"zmdi zmdi-folder wpfd-folder\" style=\"color: \"><\/i>                                <\/a><a class=\"wpfdcategory catlink\" style=\"margin : 10px 10px 10px 10px;\" href=\"#\"                                   data-idcat=\"74\"                                   title=\"ATAS\">                                    <span>ATAS<\/span>                                    <i class=\"zmdi zmdi-folder wpfd-folder\" style=\"color: \"><\/i>                                <\/a><a class=\"wpfdcategory catlink\" style=\"margin : 10px 10px 10px 10px;\" href=\"#\"                                   data-idcat=\"75\"                                   title=\"CALEND\u00c1RIO E CONVOCA\u00c7\u00d5ES\">                                    <span>CALEND\u00c1RIO E CONVOCA\u00c7\u00d5ES<\/span>                                    <i class=\"zmdi zmdi-folder wpfd-folder\" style=\"color: \"><\/i>                                <\/a><div class=\"wpfdcategory_placeholder\" style=\"margin : 0 10px 0 10px;\"><\/div><div class=\"wpfdcategory_placeholder\" style=\"margin : 0 10px 0 10px;\"><\/div><div class=\"wpfdcategory_placeholder\" style=\"margin : 0 10px 0 10px;\"><\/div><input type=\"hidden\" id=\"wpfd_subcategories_hover_color\" class=\"wpfd_subcategories_hover_color\" value=\"\" \/><\/div>        <table class=\"wpfd-search-result wpfd-table wpfd-table-bordered wpfd-table-striped wpfd-table-0 mediaTable wpfd-theme-rows\">            <thead>                <tr>                    <th class=\"essential persist file_title\">T\u00edtulo<\/th><th class=\"optional file_desc\">Descri\u00e7\u00e3o<\/th><th class=\"optional file_hits\">Cliques<\/th><th class=\"optional file_created\">Data<\/th><th class=\"essential file_download file_download_tbl\">Baixar<\/th>                <\/tr>            <\/thead>            <tbody>                        <\/tbody>        <\/table>            <\/div><\/div><\/div>\n\n\n\n<p><\/p>\n","protected":false},"excerpt":{"rendered":"","protected":false},"author":2,"featured_media":0,"parent":0,"menu_order":0,"comment_status":"closed","ping_status":"closed","template":"","meta":{"footnotes":""},"class_list":["post-3218","page","type-page","status-publish","hentry"],"_links":{"self":[{"href":"https:\/\/camposbelos.go.gov.br\/portal\/wp-json\/wp\/v2\/pages\/3218","targetHints":{"allow":["GET"]}}],"collection":[{"href":"https:\/\/camposbelos.go.gov.br\/portal\/wp-json\/wp\/v2\/pages"}],"about":[{"href":"https:\/\/camposbelos.go.gov.br\/portal\/wp-json\/wp\/v2\/types\/page"}],"author":[{"embeddable":true,"href":"https:\/\/camposbelos.go.gov.br\/portal\/wp-json\/wp\/v2\/users\/2"}],"replies":[{"embeddable":true,"href":"https:\/\/camposbelos.go.gov.br\/portal\/wp-json\/wp\/v2\/comments?post=3218"}],"version-history":[{"count":19,"href":"https:\/\/camposbelos.go.gov.br\/portal\/wp-json\/wp\/v2\/pages\/3218\/revisions"}],"predecessor-version":[{"id":3292,"href":"https:\/\/camposbelos.go.gov.br\/portal\/wp-json\/wp\/v2\/pages\/3218\/revisions\/3292"}],"wp:attachment":[{"href":"https:\/\/camposbelos.go.gov.br\/portal\/wp-json\/wp\/v2\/media?parent=3218"}],"curies":[{"name":"wp","href":"https:\/\/api.w.org\/{rel}","templated":true}]}}