{"id":24,"date":"2021-01-17T20:14:40","date_gmt":"2021-01-17T23:14:40","guid":{"rendered":"http:\/\/camposbelos.go.gov.br\/portal\/?page_id=24"},"modified":"2026-02-04T08:04:45","modified_gmt":"2026-02-04T11:04:45","slug":"secretarias","status":"publish","type":"page","link":"https:\/\/camposbelos.go.gov.br\/portal\/secretarias\/","title":{"rendered":"Secretarias"},"content":{"rendered":"\t\t<div data-elementor-type=\"wp-page\" data-elementor-id=\"24\" class=\"elementor elementor-24\" data-elementor-post-type=\"page\">\n\t\t\t\t\t\t<section class=\"elementor-section elementor-top-section elementor-element elementor-element-486ca73 elementor-section-boxed elementor-section-height-default elementor-section-height-default\" data-id=\"486ca73\" data-element_type=\"section\" data-e-type=\"section\">\n\t\t\t\t\t\t<div class=\"elementor-container elementor-column-gap-default\">\n\t\t\t\t\t<div class=\"elementor-column elementor-col-100 elementor-top-column elementor-element elementor-element-146e9a6\" data-id=\"146e9a6\" data-element_type=\"column\" data-e-type=\"column\">\n\t\t\t<div class=\"elementor-widget-wrap\">\n\t\t\t\t\t\t\t<\/div>\n\t\t<\/div>\n\t\t\t\t\t<\/div>\n\t\t<\/section>\n\t\t\t\t<section class=\"elementor-section elementor-top-section elementor-element elementor-element-2635ca1b elementor-section-content-middle elementor-section-boxed elementor-section-height-default elementor-section-height-default\" data-id=\"2635ca1b\" data-element_type=\"section\" data-e-type=\"section\">\n\t\t\t\t\t\t<div class=\"elementor-container elementor-column-gap-no\">\n\t\t\t\t\t<div class=\"elementor-column elementor-col-100 elementor-top-column elementor-element elementor-element-2a1fffcd\" data-id=\"2a1fffcd\" data-element_type=\"column\" data-e-type=\"column\">\n\t\t\t<div class=\"elementor-widget-wrap elementor-element-populated\">\n\t\t\t\t\t\t<div class=\"elementor-element elementor-element-601ccc2d elementor-widget elementor-widget-heading\" data-id=\"601ccc2d\" data-element_type=\"widget\" data-e-type=\"widget\" data-widget_type=\"heading.default\">\n\t\t\t\t<div class=\"elementor-widget-container\">\n\t\t\t\t\t<h4 class=\"elementor-heading-title elementor-size-default\">Secretarias<\/h4>\t\t\t\t<\/div>\n\t\t\t\t<\/div>\n\t\t\t\t<div class=\"elementor-element elementor-element-b9cb391 elementor-widget elementor-widget-heading\" data-id=\"b9cb391\" data-element_type=\"widget\" data-e-type=\"widget\" data-widget_type=\"heading.default\">\n\t\t\t\t<div class=\"elementor-widget-container\">\n\t\t\t\t\t<h5 class=\"elementor-heading-title elementor-size-default\">Clique no nome para ver as informa\u00e7\u00f5es<\/h5>\t\t\t\t<\/div>\n\t\t\t\t<\/div>\n\t\t\t\t<div class=\"elementor-element elementor-element-a72948a elementor-widget elementor-widget-toggle\" data-id=\"a72948a\" data-element_type=\"widget\" data-e-type=\"widget\" data-widget_type=\"toggle.default\">\n\t\t\t\t<div class=\"elementor-widget-container\">\n\t\t\t\t\t\t\t<div class=\"elementor-toggle\">\n\t\t\t\t\t\t\t<div class=\"elementor-toggle-item\">\n\t\t\t\t\t<div id=\"elementor-tab-title-1751\" class=\"elementor-tab-title\" data-tab=\"1\" role=\"button\" aria-controls=\"elementor-tab-content-1751\" aria-expanded=\"false\">\n\t\t\t\t\t\t\t\t\t\t\t\t<span class=\"elementor-toggle-icon elementor-toggle-icon-right\" aria-hidden=\"true\">\n\t\t\t\t\t\t\t\t\t\t\t\t\t\t\t<span class=\"elementor-toggle-icon-closed\"><i class=\"fas fa-caret-right\"><\/i><\/span>\n\t\t\t\t\t\t\t\t<span class=\"elementor-toggle-icon-opened\"><i class=\"elementor-toggle-icon-opened fas fa-caret-up\"><\/i><\/span>\n\t\t\t\t\t\t\t\t\t\t\t\t\t<\/span>\n\t\t\t\t\t\t\t\t\t\t\t\t<a class=\"elementor-toggle-title\" tabindex=\"0\">SEC. MUNICIPAL DE EDUCA\u00c7\u00c3O, CULTURA, ESPORTES E LAZER<\/a>\n\t\t\t\t\t<\/div>\n\n\t\t\t\t\t<div id=\"elementor-tab-content-1751\" class=\"elementor-tab-content elementor-clearfix\" data-tab=\"1\" role=\"region\" aria-labelledby=\"elementor-tab-title-1751\"><p><strong>Secret\u00e1ria:<\/strong> Reginalda Rodrigues Galv\u00e3o<\/p><p><strong>Fone:<\/strong>\u00a0(62)\u00a0 9-3300-6500<\/p><p><strong>Email: <\/strong>educacao@camposbelos.go.gov.br\u00a0 \u00a0 \u00a0 \u00a0 \u00a0 \u00a0 \u00a0\u00a0<\/p><p><strong>Endere\u00e7o:<\/strong> Ao lado do CRAS<strong>\u00a0 \u00a0 \u00a0 \u00a0 \u00a0 \u00a0 \u00a0 \u00a0 \u00a0 \u00a0 \u00a0 \u00a0<img decoding=\"async\" src=\"http:\/\/camposbelos.go.gov.br\/2021\/wp-content\/uploads\/2021\/01\/noimage-150x150.png\" alt=\"\" width=\"150\" height=\"150\" \/><\/strong><\/p><\/div>\n\t\t\t\t<\/div>\n\t\t\t\t\t\t\t<div class=\"elementor-toggle-item\">\n\t\t\t\t\t<div id=\"elementor-tab-title-1752\" class=\"elementor-tab-title\" data-tab=\"2\" role=\"button\" aria-controls=\"elementor-tab-content-1752\" aria-expanded=\"false\">\n\t\t\t\t\t\t\t\t\t\t\t\t<span class=\"elementor-toggle-icon elementor-toggle-icon-right\" aria-hidden=\"true\">\n\t\t\t\t\t\t\t\t\t\t\t\t\t\t\t<span class=\"elementor-toggle-icon-closed\"><i class=\"fas fa-caret-right\"><\/i><\/span>\n\t\t\t\t\t\t\t\t<span class=\"elementor-toggle-icon-opened\"><i class=\"elementor-toggle-icon-opened fas fa-caret-up\"><\/i><\/span>\n\t\t\t\t\t\t\t\t\t\t\t\t\t<\/span>\n\t\t\t\t\t\t\t\t\t\t\t\t<a class=\"elementor-toggle-title\" tabindex=\"0\">SEC. MUNICIPAL DE PLANEJAMENTO<\/a>\n\t\t\t\t\t<\/div>\n\n\t\t\t\t\t<div id=\"elementor-tab-content-1752\" class=\"elementor-tab-content elementor-clearfix\" data-tab=\"2\" role=\"region\" aria-labelledby=\"elementor-tab-title-1752\"><p><strong>Secret\u00e1ria<\/strong><strong>: Neura M\u00e1rcia da Costa Xavier<\/strong><\/p><p><strong>Telefone:<\/strong> (62) 3451-3181<\/p><p><strong>Email: <img decoding=\"async\" class=\"alignright wp-image-530 size-thumbnail\" src=\"http:\/\/camposbelos.go.gov.br\/2021\/wp-content\/uploads\/2021\/01\/noimage-150x150.png\" alt=\"\" width=\"150\" height=\"150\" srcset=\"https:\/\/camposbelos.go.gov.br\/portal\/wp-content\/uploads\/2021\/01\/noimage-150x150.png 150w, https:\/\/camposbelos.go.gov.br\/portal\/wp-content\/uploads\/2021\/01\/noimage.png 225w\" sizes=\"(max-width: 150px) 100vw, 150px\" \/><\/strong>planejamento@camposbelos.go.gov.br<\/p><p><strong>Endere\u00e7o:<\/strong>\u00a0Pra\u00e7a Jo\u00e3o Batista Cordeiro N\u00ba 01 &#8211; Centro<\/p><\/div>\n\t\t\t\t<\/div>\n\t\t\t\t\t\t\t<div class=\"elementor-toggle-item\">\n\t\t\t\t\t<div id=\"elementor-tab-title-1753\" class=\"elementor-tab-title\" data-tab=\"3\" role=\"button\" aria-controls=\"elementor-tab-content-1753\" aria-expanded=\"false\">\n\t\t\t\t\t\t\t\t\t\t\t\t<span class=\"elementor-toggle-icon elementor-toggle-icon-right\" aria-hidden=\"true\">\n\t\t\t\t\t\t\t\t\t\t\t\t\t\t\t<span class=\"elementor-toggle-icon-closed\"><i class=\"fas fa-caret-right\"><\/i><\/span>\n\t\t\t\t\t\t\t\t<span class=\"elementor-toggle-icon-opened\"><i class=\"elementor-toggle-icon-opened fas fa-caret-up\"><\/i><\/span>\n\t\t\t\t\t\t\t\t\t\t\t\t\t<\/span>\n\t\t\t\t\t\t\t\t\t\t\t\t<a class=\"elementor-toggle-title\" tabindex=\"0\">SEC. MUNICIPAL DE SA\u00daDE P\u00daBLICA<\/a>\n\t\t\t\t\t<\/div>\n\n\t\t\t\t\t<div id=\"elementor-tab-content-1753\" class=\"elementor-tab-content elementor-clearfix\" data-tab=\"3\" role=\"region\" aria-labelledby=\"elementor-tab-title-1753\"><p><strong>Secret\u00e1rio:<\/strong>\u00a0SUYANNY FERREIRA DA SILVA<\/p><p><strong>Fone:<\/strong> (62) 99552-7660<\/p><p><strong>Email:<\/strong> saude@camposbelos.go.gov.br<img decoding=\"async\" class=\"alignright wp-image-530 size-thumbnail\" src=\"http:\/\/camposbelos.go.gov.br\/2021\/wp-content\/uploads\/2021\/01\/noimage-150x150.png\" alt=\"\" width=\"150\" height=\"150\" srcset=\"https:\/\/camposbelos.go.gov.br\/portal\/wp-content\/uploads\/2021\/01\/noimage-150x150.png 150w, https:\/\/camposbelos.go.gov.br\/portal\/wp-content\/uploads\/2021\/01\/noimage.png 225w\" sizes=\"(max-width: 150px) 100vw, 150px\" \/><\/p><p><strong>Endere\u00e7o:<\/strong>\u00a0Rua Adelino Jos\u00e9 dos Santos Qd P Lt 10 &#8211; St Central<\/p><\/div>\n\t\t\t\t<\/div>\n\t\t\t\t\t\t\t<div class=\"elementor-toggle-item\">\n\t\t\t\t\t<div id=\"elementor-tab-title-1754\" class=\"elementor-tab-title\" data-tab=\"4\" role=\"button\" aria-controls=\"elementor-tab-content-1754\" aria-expanded=\"false\">\n\t\t\t\t\t\t\t\t\t\t\t\t<span class=\"elementor-toggle-icon elementor-toggle-icon-right\" aria-hidden=\"true\">\n\t\t\t\t\t\t\t\t\t\t\t\t\t\t\t<span class=\"elementor-toggle-icon-closed\"><i class=\"fas fa-caret-right\"><\/i><\/span>\n\t\t\t\t\t\t\t\t<span class=\"elementor-toggle-icon-opened\"><i class=\"elementor-toggle-icon-opened fas fa-caret-up\"><\/i><\/span>\n\t\t\t\t\t\t\t\t\t\t\t\t\t<\/span>\n\t\t\t\t\t\t\t\t\t\t\t\t<a class=\"elementor-toggle-title\" tabindex=\"0\">SEC. MUNICIPAL DE GOVERNO, ADMINISTRA\u00c7\u00c3O E HABITA\u00c7\u00c3O<\/a>\n\t\t\t\t\t<\/div>\n\n\t\t\t\t\t<div id=\"elementor-tab-content-1754\" class=\"elementor-tab-content elementor-clearfix\" data-tab=\"4\" role=\"region\" aria-labelledby=\"elementor-tab-title-1754\"><p><strong>Secret\u00e1ria: K\u00eania Aparecida Gomes Siqueira\u00a0 \u00a0 \u00a0 \u00a0 \u00a0 \u00a0<\/strong>\u00a0<img decoding=\"async\" src=\"http:\/\/camposbelos.go.gov.br\/2021\/wp-content\/uploads\/2021\/01\/noimage-150x150.png\" alt=\"\" width=\"150\" height=\"150\" \/><\/p><p><strong>Fone:<\/strong> (62) 3451-3181<\/p><p><strong>Email:<\/strong>\u00a0adm@camposbelos.go.gov.br<\/p><p><strong>Endere\u00e7o:<\/strong>\u00a0Pra\u00e7a da Matriz, N\u00ba 01 &#8211; Setor Central<\/p><\/div>\n\t\t\t\t<\/div>\n\t\t\t\t\t\t\t<div class=\"elementor-toggle-item\">\n\t\t\t\t\t<div id=\"elementor-tab-title-1755\" class=\"elementor-tab-title\" data-tab=\"5\" role=\"button\" aria-controls=\"elementor-tab-content-1755\" aria-expanded=\"false\">\n\t\t\t\t\t\t\t\t\t\t\t\t<span class=\"elementor-toggle-icon elementor-toggle-icon-right\" aria-hidden=\"true\">\n\t\t\t\t\t\t\t\t\t\t\t\t\t\t\t<span class=\"elementor-toggle-icon-closed\"><i class=\"fas fa-caret-right\"><\/i><\/span>\n\t\t\t\t\t\t\t\t<span class=\"elementor-toggle-icon-opened\"><i class=\"elementor-toggle-icon-opened fas fa-caret-up\"><\/i><\/span>\n\t\t\t\t\t\t\t\t\t\t\t\t\t<\/span>\n\t\t\t\t\t\t\t\t\t\t\t\t<a class=\"elementor-toggle-title\" tabindex=\"0\">SEC. MUNICIPAL DE FAZENDA P\u00daBLICA E ASSUNTOS FUNDI\u00c1RIOS<\/a>\n\t\t\t\t\t<\/div>\n\n\t\t\t\t\t<div id=\"elementor-tab-content-1755\" class=\"elementor-tab-content elementor-clearfix\" data-tab=\"5\" role=\"region\" aria-labelledby=\"elementor-tab-title-1755\"><p><strong>Secret\u00e1rio:<\/strong> Mislene Moreira Evangelista<\/p><p><strong>Fone:<\/strong> (62) 3451-3181<\/p><p><strong>Email:<\/strong> financeiro@camposbelos.go.gov.br<img decoding=\"async\" class=\"alignright wp-image-530 size-thumbnail\" src=\"http:\/\/camposbelos.go.gov.br\/2021\/wp-content\/uploads\/2021\/01\/noimage-150x150.png\" alt=\"\" width=\"150\" height=\"150\" srcset=\"https:\/\/camposbelos.go.gov.br\/portal\/wp-content\/uploads\/2021\/01\/noimage-150x150.png 150w, https:\/\/camposbelos.go.gov.br\/portal\/wp-content\/uploads\/2021\/01\/noimage.png 225w\" sizes=\"(max-width: 150px) 100vw, 150px\" \/><\/p><p><strong>Endere\u00e7o:<\/strong>\u00a0Pra\u00e7a da Matriz, N\u00ba 01 &#8211; Setor Central<\/p><\/div>\n\t\t\t\t<\/div>\n\t\t\t\t\t\t\t<div class=\"elementor-toggle-item\">\n\t\t\t\t\t<div id=\"elementor-tab-title-1756\" class=\"elementor-tab-title\" data-tab=\"6\" role=\"button\" aria-controls=\"elementor-tab-content-1756\" aria-expanded=\"false\">\n\t\t\t\t\t\t\t\t\t\t\t\t<span class=\"elementor-toggle-icon elementor-toggle-icon-right\" aria-hidden=\"true\">\n\t\t\t\t\t\t\t\t\t\t\t\t\t\t\t<span class=\"elementor-toggle-icon-closed\"><i class=\"fas fa-caret-right\"><\/i><\/span>\n\t\t\t\t\t\t\t\t<span class=\"elementor-toggle-icon-opened\"><i class=\"elementor-toggle-icon-opened fas fa-caret-up\"><\/i><\/span>\n\t\t\t\t\t\t\t\t\t\t\t\t\t<\/span>\n\t\t\t\t\t\t\t\t\t\t\t\t<a class=\"elementor-toggle-title\" tabindex=\"0\">SEC. MUNICIPAL DE A\u00c7\u00c3O SOCIAL, CIDADANIA, JUVENTUDE E TRABALHO<\/a>\n\t\t\t\t\t<\/div>\n\n\t\t\t\t\t<div id=\"elementor-tab-content-1756\" class=\"elementor-tab-content elementor-clearfix\" data-tab=\"6\" role=\"region\" aria-labelledby=\"elementor-tab-title-1756\"><p><strong>Secret\u00e1ria:<\/strong> Tathyane Pricinote Batista<\/p><p><strong>Fone:<\/strong>\u00a0(62) 9 9347-6622<\/p><p><strong>Email:<\/strong> acaosocial@camposbelos.go.gov.br<img decoding=\"async\" class=\"alignright wp-image-530 size-thumbnail\" src=\"http:\/\/camposbelos.go.gov.br\/2021\/wp-content\/uploads\/2021\/01\/noimage-150x150.png\" alt=\"\" width=\"150\" height=\"150\" srcset=\"https:\/\/camposbelos.go.gov.br\/portal\/wp-content\/uploads\/2021\/01\/noimage-150x150.png 150w, https:\/\/camposbelos.go.gov.br\/portal\/wp-content\/uploads\/2021\/01\/noimage.png 225w\" sizes=\"(max-width: 150px) 100vw, 150px\" \/><\/p><p><strong>Endere\u00e7o:<\/strong>\u00a0<\/p><\/div>\n\t\t\t\t<\/div>\n\t\t\t\t\t\t\t<div class=\"elementor-toggle-item\">\n\t\t\t\t\t<div id=\"elementor-tab-title-1757\" class=\"elementor-tab-title\" data-tab=\"7\" role=\"button\" aria-controls=\"elementor-tab-content-1757\" aria-expanded=\"false\">\n\t\t\t\t\t\t\t\t\t\t\t\t<span class=\"elementor-toggle-icon elementor-toggle-icon-right\" aria-hidden=\"true\">\n\t\t\t\t\t\t\t\t\t\t\t\t\t\t\t<span class=\"elementor-toggle-icon-closed\"><i class=\"fas fa-caret-right\"><\/i><\/span>\n\t\t\t\t\t\t\t\t<span class=\"elementor-toggle-icon-opened\"><i class=\"elementor-toggle-icon-opened fas fa-caret-up\"><\/i><\/span>\n\t\t\t\t\t\t\t\t\t\t\t\t\t<\/span>\n\t\t\t\t\t\t\t\t\t\t\t\t<a class=\"elementor-toggle-title\" tabindex=\"0\">SEC. MUNICIPAL DE INFRAESTRUTURA, TRANSPORTES, OBRAS, URBANIZA\u00c7\u00c3O,LIMPEZA E ILUMINA\u00c7\u00c3O P\u00daBLICA<\/a>\n\t\t\t\t\t<\/div>\n\n\t\t\t\t\t<div id=\"elementor-tab-content-1757\" class=\"elementor-tab-content elementor-clearfix\" data-tab=\"7\" role=\"region\" aria-labelledby=\"elementor-tab-title-1757\"><p><strong>Secret\u00e1rio :<\/strong>\u00a0Paulo Henrique Pereira dos Santos<\/p><p><strong>Fone:<\/strong>\u00a0(62) 9-9910-4366<\/p><p><strong>Email:<\/strong> <img decoding=\"async\" class=\"alignright wp-image-530 size-thumbnail\" src=\"http:\/\/camposbelos.go.gov.br\/2021\/wp-content\/uploads\/2021\/01\/noimage-150x150.png\" alt=\"\" width=\"150\" height=\"150\" srcset=\"https:\/\/camposbelos.go.gov.br\/portal\/wp-content\/uploads\/2021\/01\/noimage-150x150.png 150w, https:\/\/camposbelos.go.gov.br\/portal\/wp-content\/uploads\/2021\/01\/noimage.png 225w\" sizes=\"(max-width: 150px) 100vw, 150px\" \/>infraestrutura@camposbelos.go.gov.br<\/p><p><strong>Endere\u00e7o:<\/strong>\u00a0Rua Nossa Senhora da Concei\u00e7\u00e3o<\/p><\/div>\n\t\t\t\t<\/div>\n\t\t\t\t\t\t\t<div class=\"elementor-toggle-item\">\n\t\t\t\t\t<div id=\"elementor-tab-title-1758\" class=\"elementor-tab-title\" data-tab=\"8\" role=\"button\" aria-controls=\"elementor-tab-content-1758\" aria-expanded=\"false\">\n\t\t\t\t\t\t\t\t\t\t\t\t<span class=\"elementor-toggle-icon elementor-toggle-icon-right\" aria-hidden=\"true\">\n\t\t\t\t\t\t\t\t\t\t\t\t\t\t\t<span class=\"elementor-toggle-icon-closed\"><i class=\"fas fa-caret-right\"><\/i><\/span>\n\t\t\t\t\t\t\t\t<span class=\"elementor-toggle-icon-opened\"><i class=\"elementor-toggle-icon-opened fas fa-caret-up\"><\/i><\/span>\n\t\t\t\t\t\t\t\t\t\t\t\t\t<\/span>\n\t\t\t\t\t\t\t\t\t\t\t\t<a class=\"elementor-toggle-title\" tabindex=\"0\">SEC. MUNICIPAL DE MEIO AMBIENTE E TURISMO<\/a>\n\t\t\t\t\t<\/div>\n\n\t\t\t\t\t<div id=\"elementor-tab-content-1758\" class=\"elementor-tab-content elementor-clearfix\" data-tab=\"8\" role=\"region\" aria-labelledby=\"elementor-tab-title-1758\"><p>SECRETARIA MUNICIPAL DE MEIO AMBIENTE E TURISMO<\/p><p><strong>Secret\u00e1rio:<\/strong> Orson Marden Alves Brito<\/p><p><strong>Fone:<\/strong>\u00a0(62) 3451-3181<\/p><p><strong>Email:<\/strong>\u00a0adm@camposbelos.go.gov.br<\/p><p><strong>Endere\u00e7o:<\/strong>\u00a0Pra\u00e7a da Matriz, N\u00ba 01 &#8211; Setor Central<\/p><\/div>\n\t\t\t\t<\/div>\n\t\t\t\t\t\t\t\t<\/div>\n\t\t\t\t\t\t<\/div>\n\t\t\t\t<\/div>\n\t\t\t\t\t<\/div>\n\t\t<\/div>\n\t\t\t\t\t<\/div>\n\t\t<\/section>\n\t\t\t\t<\/div>\n\t\t","protected":false},"excerpt":{"rendered":"<p>Secretarias Clique no nome para ver as informa\u00e7\u00f5es SEC. MUNICIPAL DE EDUCA\u00c7\u00c3O, CULTURA, ESPORTES E LAZER Secret\u00e1ria: Reginalda Rodrigues Galv\u00e3o Fone:\u00a0(62)\u00a0 9-3300-6500 Email: educacao@camposbelos.go.gov.br\u00a0 \u00a0 \u00a0 \u00a0 \u00a0 \u00a0 \u00a0\u00a0 Endere\u00e7o: Ao lado do CRAS\u00a0 \u00a0 \u00a0 \u00a0 \u00a0 \u00a0 \u00a0 \u00a0 \u00a0 \u00a0 \u00a0 \u00a0 SEC. MUNICIPAL DE PLANEJAMENTO Secret\u00e1ria: Neura M\u00e1rcia da Costa [&hellip;]<\/p>\n","protected":false},"author":1,"featured_media":0,"parent":0,"menu_order":0,"comment_status":"closed","ping_status":"closed","template":"","meta":{"footnotes":""},"class_list":["post-24","page","type-page","status-publish","hentry"],"_links":{"self":[{"href":"https:\/\/camposbelos.go.gov.br\/portal\/wp-json\/wp\/v2\/pages\/24","targetHints":{"allow":["GET"]}}],"collection":[{"href":"https:\/\/camposbelos.go.gov.br\/portal\/wp-json\/wp\/v2\/pages"}],"about":[{"href":"https:\/\/camposbelos.go.gov.br\/portal\/wp-json\/wp\/v2\/types\/page"}],"author":[{"embeddable":true,"href":"https:\/\/camposbelos.go.gov.br\/portal\/wp-json\/wp\/v2\/users\/1"}],"replies":[{"embeddable":true,"href":"https:\/\/camposbelos.go.gov.br\/portal\/wp-json\/wp\/v2\/comments?post=24"}],"version-history":[{"count":109,"href":"https:\/\/camposbelos.go.gov.br\/portal\/wp-json\/wp\/v2\/pages\/24\/revisions"}],"predecessor-version":[{"id":15737,"href":"https:\/\/camposbelos.go.gov.br\/portal\/wp-json\/wp\/v2\/pages\/24\/revisions\/15737"}],"wp:attachment":[{"href":"https:\/\/camposbelos.go.gov.br\/portal\/wp-json\/wp\/v2\/media?parent=24"}],"curies":[{"name":"wp","href":"https:\/\/api.w.org\/{rel}","templated":true}]}}