{"id":22,"date":"2021-01-17T20:14:30","date_gmt":"2021-01-17T23:14:30","guid":{"rendered":"http:\/\/camposbelos.go.gov.br\/portal\/?page_id=22"},"modified":"2021-01-18T08:00:33","modified_gmt":"2021-01-18T11:00:33","slug":"nossa-cidade","status":"publish","type":"page","link":"https:\/\/camposbelos.go.gov.br\/portal\/nossa-cidade\/","title":{"rendered":"Nossa Cidade"},"content":{"rendered":"\t\t<div data-elementor-type=\"wp-page\" data-elementor-id=\"22\" class=\"elementor elementor-22\" data-elementor-post-type=\"page\">\n\t\t\t\t\t\t<section class=\"elementor-section elementor-top-section elementor-element elementor-element-f5ff66f elementor-section-boxed elementor-section-height-default elementor-section-height-default\" data-id=\"f5ff66f\" data-element_type=\"section\" data-e-type=\"section\">\n\t\t\t\t\t\t<div class=\"elementor-container elementor-column-gap-default\">\n\t\t\t\t\t<div class=\"elementor-column elementor-col-100 elementor-top-column elementor-element elementor-element-e4ef274\" data-id=\"e4ef274\" data-element_type=\"column\" data-e-type=\"column\">\n\t\t\t<div class=\"elementor-widget-wrap elementor-element-populated\">\n\t\t\t\t\t\t<div class=\"elementor-element elementor-element-0130c8c elementor-widget elementor-widget-heading\" data-id=\"0130c8c\" data-element_type=\"widget\" data-e-type=\"widget\" data-widget_type=\"heading.default\">\n\t\t\t\t<div class=\"elementor-widget-container\">\n\t\t\t\t\t<h2 class=\"elementor-heading-title elementor-size-default\">Campos Belos \u00e9 um munic\u00edpio brasileiro localizado no nordeste do estado de Goi\u00e1s<\/h2>\t\t\t\t<\/div>\n\t\t\t\t<\/div>\n\t\t\t\t\t<\/div>\n\t\t<\/div>\n\t\t\t\t\t<\/div>\n\t\t<\/section>\n\t\t\t\t<section class=\"elementor-section elementor-top-section elementor-element elementor-element-b862af5 elementor-section-boxed elementor-section-height-default elementor-section-height-default\" data-id=\"b862af5\" data-element_type=\"section\" data-e-type=\"section\">\n\t\t\t\t\t\t<div class=\"elementor-container elementor-column-gap-default\">\n\t\t\t\t\t<div class=\"elementor-column elementor-col-50 elementor-top-column elementor-element elementor-element-2f5feae\" data-id=\"2f5feae\" data-element_type=\"column\" data-e-type=\"column\">\n\t\t\t<div class=\"elementor-widget-wrap elementor-element-populated\">\n\t\t\t\t\t\t<div class=\"elementor-element elementor-element-d463cc8 elementor-widget elementor-widget-text-editor\" data-id=\"d463cc8\" data-element_type=\"widget\" data-e-type=\"widget\" data-widget_type=\"text-editor.default\">\n\t\t\t\t<div class=\"elementor-widget-container\">\n\t\t\t\t\t\t\t\t\t<p>Cercada de montanhas por todos os lados a cidade relativamente nova cresceu baseando-se na pecu\u00e1ria, hoje o com\u00e9rcio ocupa cada vez mais espa\u00e7o no cen\u00e1rio econ\u00f4mico. Atendendo o mercado consumidor em diversos ramos, esse setor alimenta o crescimento da cidade.<\/p>\t\t\t\t\t\t\t\t<\/div>\n\t\t\t\t<\/div>\n\t\t\t\t\t<\/div>\n\t\t<\/div>\n\t\t\t\t<div class=\"elementor-column elementor-col-50 elementor-top-column elementor-element elementor-element-4bcd11b\" data-id=\"4bcd11b\" data-element_type=\"column\" data-e-type=\"column\">\n\t\t\t<div class=\"elementor-widget-wrap elementor-element-populated\">\n\t\t\t\t\t\t<div class=\"elementor-element elementor-element-64afb98 elementor-widget elementor-widget-image\" data-id=\"64afb98\" data-element_type=\"widget\" data-e-type=\"widget\" data-widget_type=\"image.default\">\n\t\t\t\t<div class=\"elementor-widget-container\">\n\t\t\t\t\t\t\t\t\t\t\t\t\t\t\t<img fetchpriority=\"high\" decoding=\"async\" width=\"800\" height=\"549\" src=\"https:\/\/camposbelos.go.gov.br\/portal\/wp-content\/uploads\/2021\/01\/ft03.jpg\" class=\"attachment-large size-large wp-image-63\" alt=\"\" srcset=\"https:\/\/camposbelos.go.gov.br\/portal\/wp-content\/uploads\/2021\/01\/ft03.jpg 1000w, https:\/\/camposbelos.go.gov.br\/portal\/wp-content\/uploads\/2021\/01\/ft03-300x206.jpg 300w, https:\/\/camposbelos.go.gov.br\/portal\/wp-content\/uploads\/2021\/01\/ft03-768x527.jpg 768w\" sizes=\"(max-width: 800px) 100vw, 800px\" \/>\t\t\t\t\t\t\t\t\t\t\t\t\t\t\t<\/div>\n\t\t\t\t<\/div>\n\t\t\t\t\t<\/div>\n\t\t<\/div>\n\t\t\t\t\t<\/div>\n\t\t<\/section>\n\t\t\t\t<section class=\"elementor-section elementor-top-section elementor-element elementor-element-c3a1794 elementor-section-boxed elementor-section-height-default elementor-section-height-default\" data-id=\"c3a1794\" data-element_type=\"section\" data-e-type=\"section\">\n\t\t\t\t\t\t<div class=\"elementor-container elementor-column-gap-default\">\n\t\t\t\t\t<div class=\"elementor-column elementor-col-100 elementor-top-column elementor-element elementor-element-a23b105\" data-id=\"a23b105\" data-element_type=\"column\" data-e-type=\"column\">\n\t\t\t<div class=\"elementor-widget-wrap elementor-element-populated\">\n\t\t\t\t\t\t<div class=\"elementor-element elementor-element-f34eb32 elementor-widget elementor-widget-google_maps\" data-id=\"f34eb32\" data-element_type=\"widget\" data-e-type=\"widget\" data-widget_type=\"google_maps.default\">\n\t\t\t\t<div class=\"elementor-widget-container\">\n\t\t\t\t\t\t\t<div class=\"elementor-custom-embed\">\n\t\t\t<iframe loading=\"lazy\"\n\t\t\t\t\tsrc=\"https:\/\/maps.google.com\/maps?q=campos%20belos%2C%20go&#038;t=m&#038;z=14&#038;output=embed&#038;iwloc=near\"\n\t\t\t\t\ttitle=\"campos belos, go\"\n\t\t\t\t\taria-label=\"campos belos, go\"\n\t\t\t><\/iframe>\n\t\t<\/div>\n\t\t\t\t\t\t<\/div>\n\t\t\t\t<\/div>\n\t\t\t\t\t<\/div>\n\t\t<\/div>\n\t\t\t\t\t<\/div>\n\t\t<\/section>\n\t\t\t\t<\/div>\n\t\t","protected":false},"excerpt":{"rendered":"<p>Campos Belos \u00e9 um munic\u00edpio brasileiro localizado no nordeste do estado de Goi\u00e1s Cercada de montanhas por todos os lados a cidade relativamente nova cresceu baseando-se na pecu\u00e1ria, hoje o com\u00e9rcio ocupa cada vez mais espa\u00e7o no cen\u00e1rio econ\u00f4mico. Atendendo o mercado consumidor em diversos ramos, esse setor alimenta o crescimento da cidade.<\/p>\n","protected":false},"author":1,"featured_media":0,"parent":0,"menu_order":0,"comment_status":"closed","ping_status":"closed","template":"","meta":{"footnotes":""},"class_list":["post-22","page","type-page","status-publish","hentry"],"_links":{"self":[{"href":"https:\/\/camposbelos.go.gov.br\/portal\/wp-json\/wp\/v2\/pages\/22","targetHints":{"allow":["GET"]}}],"collection":[{"href":"https:\/\/camposbelos.go.gov.br\/portal\/wp-json\/wp\/v2\/pages"}],"about":[{"href":"https:\/\/camposbelos.go.gov.br\/portal\/wp-json\/wp\/v2\/types\/page"}],"author":[{"embeddable":true,"href":"https:\/\/camposbelos.go.gov.br\/portal\/wp-json\/wp\/v2\/users\/1"}],"replies":[{"embeddable":true,"href":"https:\/\/camposbelos.go.gov.br\/portal\/wp-json\/wp\/v2\/comments?post=22"}],"version-history":[{"count":4,"href":"https:\/\/camposbelos.go.gov.br\/portal\/wp-json\/wp\/v2\/pages\/22\/revisions"}],"predecessor-version":[{"id":175,"href":"https:\/\/camposbelos.go.gov.br\/portal\/wp-json\/wp\/v2\/pages\/22\/revisions\/175"}],"wp:attachment":[{"href":"https:\/\/camposbelos.go.gov.br\/portal\/wp-json\/wp\/v2\/media?parent=22"}],"curies":[{"name":"wp","href":"https:\/\/api.w.org\/{rel}","templated":true}]}}